{"id":97,"date":"2026-02-02T15:14:25","date_gmt":"2026-02-02T15:14:25","guid":{"rendered":"http:\/\/baterea.fr\/?page_id=97"},"modified":"2026-02-18T15:30:38","modified_gmt":"2026-02-18T15:30:38","slug":"qui-sommes-nous","status":"publish","type":"page","link":"https:\/\/baterea.fr\/index.php\/qui-sommes-nous\/","title":{"rendered":"Qui sommes-nous ?"},"content":{"rendered":"\t\t<div data-elementor-type=\"wp-page\" data-elementor-id=\"97\" class=\"elementor elementor-97\">\n\t\t\t\t<div class=\"elementor-element elementor-element-5f8c48b e-flex e-con-boxed e-con e-parent\" data-id=\"5f8c48b\" data-element_type=\"container\" data-e-type=\"container\">\n\t\t\t\t\t<div class=\"e-con-inner\">\n\t\t<div class=\"elementor-element elementor-element-14e1ca1 e-con-full e-flex e-con e-child\" data-id=\"14e1ca1\" data-element_type=\"container\" data-e-type=\"container\">\n\t\t\t\t<div class=\"elementor-element elementor-element-c08269f elementor-widget elementor-widget-heading\" data-id=\"c08269f\" data-element_type=\"widget\" data-e-type=\"widget\" data-widget_type=\"heading.default\">\n\t\t\t\t\t<h1 class=\"elementor-heading-title elementor-size-default\">Qui sommes-nous ?<\/h1>\t\t\t\t<\/div>\n\t\t\t\t<\/div>\n\t\t\t\t\t<\/div>\n\t\t\t\t<\/div>\n\t\t<div class=\"elementor-element elementor-element-e91caa4 e-flex e-con-boxed e-con e-parent\" data-id=\"e91caa4\" data-element_type=\"container\" data-e-type=\"container\" data-settings=\"{&quot;background_background&quot;:&quot;classic&quot;}\">\n\t\t\t\t\t<div class=\"e-con-inner\">\n\t\t<div class=\"elementor-element elementor-element-f16aa03 e-con-full e-flex e-con e-child\" data-id=\"f16aa03\" data-element_type=\"container\" data-e-type=\"container\">\n\t\t\t\t<div class=\"elementor-element elementor-element-a5ed075 elementor-widget__width-initial elementor-widget elementor-widget-heading\" data-id=\"a5ed075\" data-element_type=\"widget\" data-e-type=\"widget\" data-widget_type=\"heading.default\">\n\t\t\t\t\t<h2 class=\"elementor-heading-title elementor-size-default\">Pourquoi BATEREA ?<\/h2>\t\t\t\t<\/div>\n\t\t\t\t<\/div>\n\t\t<div class=\"elementor-element elementor-element-290f399 e-con-full e-flex e-con e-child\" data-id=\"290f399\" data-element_type=\"container\" data-e-type=\"container\">\n\t\t\t\t<div class=\"elementor-element elementor-element-d20e47c elementor-widget elementor-widget-text-editor\" data-id=\"d20e47c\" data-element_type=\"widget\" data-e-type=\"widget\" data-widget_type=\"text-editor.default\">\n\t\t\t\t\t\t\t\t\t<p>Depuis janvier 2025, Philippe Peretti, originaire de Bordeaux, a int\u00e9gr\u00e9 le groupe Fernandes, en tant que directeur d\u2019exploitation, dans le but de d\u00e9velopper les op\u00e9rations de construction sur la r\u00e9gion Bordelaise.<br \/><span style=\"text-align: var(--text-align);\">L\u2019association entre Philippe et Franck donne naissance \u00e0 l\u2019entreprise BATEREA,<\/span> <span style=\"text-align: var(--text-align);\">alliant des savoirs faire et un \u00e9tat esprit au service<\/span> <span style=\"text-align: var(--text-align);\">des clients.<\/span><\/p><p>Philippe Peretti a g\u00e9r\u00e9, durant cette ann\u00e9e, l\u2019ensemble de l\u2019activit\u00e9 du sud ouest : du recrutement au suivi de chantier, en passant par la signature de nouveaux march\u00e9s.<\/p><p><strong>Qui est le groupe Fernandes ?\u00a0<br \/><\/strong>En 1985, la soci\u00e9t\u00e9 familiale, Groupe Fernandes, bas\u00e9e \u00e0 Montlu\u00e7on et co-dirig\u00e9e par Franck Fernandes est cr\u00e9\u00e9e. Elle r\u00e9alise un chiffre d\u2019affaires annuel moyen de 10M\u20ac.<\/p><p>Le <span class=\"a_GcMg font-feature-liga-off font-feature-clig-off font-feature-calt-off text-decoration-none text-strikethrough-none\"><span style=\"text-decoration: underline;\"><a href=\"https:\/\/www.fernandes.fr\/maconnerie.html\">Groupe Fernandes<\/a><\/span><\/span> est sp\u00e9cialis\u00e9 dans la ma\u00e7onnerie traditionnelle et la ma\u00e7onnerie b\u00e9ton arm\u00e9. Ils font \u00e9galement de la construction, de la r\u00e9novation, des travaux de terrassement, du ravalement de fa\u00e7ade et des travaux publics dans l&rsquo;Allier.<\/p><p><span class=\"a_GcMg font-feature-liga-off font-feature-clig-off font-feature-calt-off text-decoration-none text-strikethrough-none\">L&rsquo;association avec Philippe Peretti pour fonder BATEREA, soci\u00e9t\u00e9 bas\u00e9e en Gironde et pour d\u00e9velopper l\u2019activit\u00e9 dans le Sud Ouest est donc arriv\u00e9e naturellement.<br \/><\/span><\/p>\t\t\t\t\t\t\t\t<\/div>\n\t\t\t\t<\/div>\n\t\t\t\t\t<\/div>\n\t\t\t\t<\/div>\n\t\t<div class=\"elementor-element elementor-element-0226e59 e-flex e-con-boxed e-con e-parent\" data-id=\"0226e59\" data-element_type=\"container\" data-e-type=\"container\" data-settings=\"{&quot;background_background&quot;:&quot;classic&quot;}\">\n\t\t\t\t\t<div class=\"e-con-inner\">\n\t\t<div class=\"elementor-element elementor-element-1a1717c e-con-full e-flex e-con e-child\" data-id=\"1a1717c\" data-element_type=\"container\" data-e-type=\"container\">\n\t\t\t\t<div class=\"elementor-element elementor-element-69719e5 elementor-widget elementor-widget-heading\" data-id=\"69719e5\" data-element_type=\"widget\" data-e-type=\"widget\" data-widget_type=\"heading.default\">\n\t\t\t\t\t<h3 class=\"elementor-heading-title elementor-size-default\">Philippe Peretti <\/h3>\t\t\t\t<\/div>\n\t\t\t\t<div class=\"elementor-element elementor-element-a152084 elementor-widget-mobile__width-initial elementor-widget elementor-widget-image\" data-id=\"a152084\" data-element_type=\"widget\" data-e-type=\"widget\" data-widget_type=\"image.default\">\n\t\t\t\t\t\t\t\t\t\t\t\t<figure class=\"wp-caption\">\n\t\t\t\t\t\t\t\t\t\t<img loading=\"lazy\" decoding=\"async\" width=\"225\" height=\"300\" src=\"https:\/\/baterea.fr\/wp-content\/uploads\/2026\/02\/PHOTO-2024-08-01-09-07-56-1-225x300.jpg\" class=\"attachment-medium size-medium wp-image-103\" alt=\"Philippe Peretti\" srcset=\"https:\/\/baterea.fr\/wp-content\/uploads\/2026\/02\/PHOTO-2024-08-01-09-07-56-1-225x300.jpg 225w, https:\/\/baterea.fr\/wp-content\/uploads\/2026\/02\/PHOTO-2024-08-01-09-07-56-1-768x1023.jpg 768w, https:\/\/baterea.fr\/wp-content\/uploads\/2026\/02\/PHOTO-2024-08-01-09-07-56-1-1153x1536.jpg 1153w, https:\/\/baterea.fr\/wp-content\/uploads\/2026\/02\/PHOTO-2024-08-01-09-07-56-1.jpg 1200w\" sizes=\"auto, (max-width: 225px) 100vw, 225px\" \/>\t\t\t\t\t\t\t\t\t\t\t<figcaption class=\"widget-image-caption wp-caption-text\"><\/figcaption>\n\t\t\t\t\t\t\t\t\t\t<\/figure>\n\t\t\t\t\t\t\t\t\t<\/div>\n\t\t\t\t<div class=\"elementor-element elementor-element-097317a elementor-widget__width-initial elementor-widget elementor-widget-text-editor\" data-id=\"097317a\" data-element_type=\"widget\" data-e-type=\"widget\" data-widget_type=\"text-editor.default\">\n\t\t\t\t\t\t\t\t\t<p class=\"cvGsUA align-center para-style-body direction-ltr\"><span class=\"a_GcMg font-feature-liga-off font-feature-clig-off font-feature-calt-off text-decoration-none text-strikethrough-none\">Fort de nombreuses ann\u00e9es d&rsquo;exp\u00e9riences dans le secteur du BTP, en \u00e9voluant sur des postes li\u00e9s \u00e0 la technique, au management et \u00e0 la gestion financi\u00e8re, il a pu acqu\u00e9rir une vision globale et des m\u00e9thodes de travail <\/span><span class=\"a_GcMg font-feature-liga-off font-feature-clig-off font-feature-calt-off text-decoration-none text-strikethrough-none\">adapt\u00e9es aux diff\u00e9rents objectifs \u00e0 atteindre.<\/span><\/p>\t\t\t\t\t\t\t\t<\/div>\n\t\t\t\t<\/div>\n\t\t<div class=\"elementor-element elementor-element-ca790d7 e-con-full e-flex e-con e-child\" data-id=\"ca790d7\" data-element_type=\"container\" data-e-type=\"container\">\n\t\t\t\t<div class=\"elementor-element elementor-element-ddf837d elementor-widget elementor-widget-heading\" data-id=\"ddf837d\" data-element_type=\"widget\" data-e-type=\"widget\" data-widget_type=\"heading.default\">\n\t\t\t\t\t<h3 class=\"elementor-heading-title elementor-size-default\">Franck Fernandes<\/h3>\t\t\t\t<\/div>\n\t\t\t\t<div class=\"elementor-element elementor-element-a5c562d elementor-widget-mobile__width-initial elementor-widget elementor-widget-image\" data-id=\"a5c562d\" data-element_type=\"widget\" data-e-type=\"widget\" data-widget_type=\"image.default\">\n\t\t\t\t\t\t\t\t\t\t\t\t\t\t\t<img loading=\"lazy\" decoding=\"async\" width=\"225\" height=\"300\" src=\"https:\/\/baterea.fr\/wp-content\/uploads\/2026\/02\/PHOTO-2024-08-01-09-07-56-1-225x300.jpg\" class=\"attachment-medium size-medium wp-image-103\" alt=\"Philippe Peretti\" srcset=\"https:\/\/baterea.fr\/wp-content\/uploads\/2026\/02\/PHOTO-2024-08-01-09-07-56-1-225x300.jpg 225w, https:\/\/baterea.fr\/wp-content\/uploads\/2026\/02\/PHOTO-2024-08-01-09-07-56-1-768x1023.jpg 768w, https:\/\/baterea.fr\/wp-content\/uploads\/2026\/02\/PHOTO-2024-08-01-09-07-56-1-1153x1536.jpg 1153w, https:\/\/baterea.fr\/wp-content\/uploads\/2026\/02\/PHOTO-2024-08-01-09-07-56-1.jpg 1200w\" sizes=\"auto, (max-width: 225px) 100vw, 225px\" \/>\t\t\t\t\t\t\t\t\t\t\t\t\t\t\t<\/div>\n\t\t\t\t<div class=\"elementor-element elementor-element-447dc21 elementor-widget__width-initial elementor-widget elementor-widget-text-editor\" data-id=\"447dc21\" data-element_type=\"widget\" data-e-type=\"widget\" data-widget_type=\"text-editor.default\">\n\t\t\t\t\t\t\t\t\t<p class=\"cvGsUA align-center para-style-body direction-ltr\">xxxxxxxxxx<\/p><p>xxxxxxx<\/p><p>xxxxxx<\/p>\t\t\t\t\t\t\t\t<\/div>\n\t\t\t\t<\/div>\n\t\t\t\t\t<\/div>\n\t\t\t\t<\/div>\n\t\t<div class=\"elementor-element elementor-element-e127d01 e-flex e-con-boxed e-con e-parent\" data-id=\"e127d01\" data-element_type=\"container\" data-e-type=\"container\" data-settings=\"{&quot;background_background&quot;:&quot;classic&quot;}\">\n\t\t\t\t\t<div class=\"e-con-inner\">\n\t\t<div class=\"elementor-element elementor-element-6e84876 e-con-full e-flex e-con e-child\" data-id=\"6e84876\" data-element_type=\"container\" data-e-type=\"container\">\n\t\t\t\t<div class=\"elementor-element elementor-element-e120869 elementor-widget elementor-widget-image\" data-id=\"e120869\" data-element_type=\"widget\" data-e-type=\"widget\" data-widget_type=\"image.default\">\n\t\t\t\t\t\t\t\t\t\t\t\t\t\t\t<img loading=\"lazy\" decoding=\"async\" width=\"800\" height=\"800\" src=\"https:\/\/baterea.fr\/wp-content\/uploads\/2026\/02\/2-1024x1024.jpg\" class=\"attachment-large size-large wp-image-78\" alt=\"\" srcset=\"https:\/\/baterea.fr\/wp-content\/uploads\/2026\/02\/2-1024x1024.jpg 1024w, https:\/\/baterea.fr\/wp-content\/uploads\/2026\/02\/2-300x300.jpg 300w, https:\/\/baterea.fr\/wp-content\/uploads\/2026\/02\/2-150x150.jpg 150w, https:\/\/baterea.fr\/wp-content\/uploads\/2026\/02\/2-768x768.jpg 768w, https:\/\/baterea.fr\/wp-content\/uploads\/2026\/02\/2.jpg 1080w\" sizes=\"auto, (max-width: 800px) 100vw, 800px\" \/>\t\t\t\t\t\t\t\t\t\t\t\t\t\t\t<\/div>\n\t\t\t\t<\/div>\n\t\t<div class=\"elementor-element elementor-element-a2130f3 e-con-full e-flex e-con e-child\" data-id=\"a2130f3\" data-element_type=\"container\" data-e-type=\"container\">\n\t\t\t\t<div class=\"elementor-element elementor-element-80f6fe1 elementor-widget elementor-widget-heading\" data-id=\"80f6fe1\" data-element_type=\"widget\" data-e-type=\"widget\" data-widget_type=\"heading.default\">\n\t\t\t\t\t<h2 class=\"elementor-heading-title elementor-size-default\">Notre vision<\/h2>\t\t\t\t<\/div>\n\t\t\t\t<div class=\"elementor-element elementor-element-64f987c elementor-widget elementor-widget-text-editor\" data-id=\"64f987c\" data-element_type=\"widget\" data-e-type=\"widget\" data-widget_type=\"text-editor.default\">\n\t\t\t\t\t\t\t\t\t<p><strong>BATEREA<\/strong>\u00a0est une entreprise de construction, sp\u00e9cialis\u00e9e dans les projets atypiques, sur mesure et porteurs de sens.<\/p><p>Fort de 18 ann\u00e9es d\u2019exp\u00e9riences dans le secteur du BTP au c\u0153ur de l\u2019op\u00e9rationnel mais \u00e9galement en tant que dirigeant d\u2019entreprise, Philippe saura r\u00e9pondre \u00e0 tous vos projets.<\/p><p><strong>BATEREA<\/strong>\u00a0est une entreprise de gros \u0153uvre bas\u00e9e en Gironde, et vous accompagne qu\u2019il s\u2019agisse de constructions neuves ou de travaux de r\u00e9novation.<\/p>\t\t\t\t\t\t\t\t<\/div>\n\t\t\t\t<\/div>\n\t\t\t\t\t<\/div>\n\t\t\t\t<\/div>\n\t\t<div class=\"elementor-element elementor-element-d7f3975 e-flex e-con-boxed e-con e-parent\" data-id=\"d7f3975\" data-element_type=\"container\" data-e-type=\"container\" data-settings=\"{&quot;background_background&quot;:&quot;classic&quot;}\">\n\t\t\t\t\t<div class=\"e-con-inner\">\n\t\t<div class=\"elementor-element elementor-element-d6d8169 e-con-full e-flex e-con e-child\" data-id=\"d6d8169\" data-element_type=\"container\" data-e-type=\"container\">\n\t\t\t\t<div class=\"elementor-element elementor-element-e50bfb6 elementor-widget elementor-widget-heading\" data-id=\"e50bfb6\" data-element_type=\"widget\" data-e-type=\"widget\" data-widget_type=\"heading.default\">\n\t\t\t\t\t<h2 class=\"elementor-heading-title elementor-size-default\">Notre mission<\/h2>\t\t\t\t<\/div>\n\t\t\t\t<div class=\"elementor-element elementor-element-8cde3b4 elementor-widget__width-initial elementor-widget elementor-widget-text-editor\" data-id=\"8cde3b4\" data-element_type=\"widget\" data-e-type=\"widget\" data-widget_type=\"text-editor.default\">\n\t\t\t\t\t\t\t\t\t<p class=\"cvGsUA direction-ltr align-justify para-style-body\"><span class=\"a_GcMg font-feature-liga-off font-feature-clig-off font-feature-calt-off text-decoration-none text-strikethrough-none\"><strong>Notre force :<\/strong> un accompagnement humain, agile et engag\u00e9 en passant par le conseil, l\u2019\u00e9coute, et la ma\u00eetrise compl\u00e8te des op\u00e9rations.<\/span><\/p><p class=\"cvGsUA direction-ltr align-justify para-style-body\"><span class=\"a_GcMg font-feature-liga-off font-feature-clig-off font-feature-calt-off text-decoration-none text-strikethrough-none\">Notre activit\u00e9 s\u2019\u00e9tend sur les secteurs du tertiaire, logements et bureaux, aussi bien pour les march\u00e9s publics et priv\u00e9s.<br \/><\/span><strong><span class=\"a_GcMg font-feature-liga-off font-feature-clig-off font-feature-calt-off text-decoration-none text-strikethrough-none\">VOS ID\u00c9ES, NOTRE SAVOIR FAIRE.<\/span><\/strong><\/p>\t\t\t\t\t\t\t\t<\/div>\n\t\t\t\t<\/div>\n\t\t<div class=\"elementor-element elementor-element-871b16a e-con-full e-flex e-con e-child\" data-id=\"871b16a\" data-element_type=\"container\" data-e-type=\"container\">\n\t\t\t\t<div class=\"elementor-element elementor-element-115d96a elementor-widget elementor-widget-image\" data-id=\"115d96a\" data-element_type=\"widget\" data-e-type=\"widget\" data-widget_type=\"image.default\">\n\t\t\t\t\t\t\t\t\t\t\t\t\t\t\t<img loading=\"lazy\" decoding=\"async\" width=\"800\" height=\"599\" src=\"https:\/\/baterea.fr\/wp-content\/uploads\/2026\/02\/DJI_0340_bis-1024x767.jpeg\" class=\"attachment-large size-large wp-image-76\" alt=\"Nos r\u00e9al HP\" srcset=\"https:\/\/baterea.fr\/wp-content\/uploads\/2026\/02\/DJI_0340_bis-1024x767.jpeg 1024w, https:\/\/baterea.fr\/wp-content\/uploads\/2026\/02\/DJI_0340_bis-300x225.jpeg 300w, https:\/\/baterea.fr\/wp-content\/uploads\/2026\/02\/DJI_0340_bis-768x575.jpeg 768w, https:\/\/baterea.fr\/wp-content\/uploads\/2026\/02\/DJI_0340_bis-1536x1150.jpeg 1536w, https:\/\/baterea.fr\/wp-content\/uploads\/2026\/02\/DJI_0340_bis-2048x1534.jpeg 2048w\" sizes=\"auto, (max-width: 800px) 100vw, 800px\" \/>\t\t\t\t\t\t\t\t\t\t\t\t\t\t\t<\/div>\n\t\t\t\t<\/div>\n\t\t\t\t\t<\/div>\n\t\t\t\t<\/div>\n\t\t<div class=\"elementor-element elementor-element-d0406d4 e-flex e-con-boxed e-con e-parent\" data-id=\"d0406d4\" data-element_type=\"container\" data-e-type=\"container\">\n\t\t\t\t\t<div class=\"e-con-inner\">\n\t\t<div class=\"elementor-element elementor-element-e2942ab e-con-full e-flex e-con e-child\" data-id=\"e2942ab\" data-element_type=\"container\" data-e-type=\"container\">\n\t\t\t\t<div class=\"elementor-element elementor-element-579b970 elementor-widget elementor-widget-heading\" data-id=\"579b970\" data-element_type=\"widget\" data-e-type=\"widget\" data-widget_type=\"heading.default\">\n\t\t\t\t\t<h3 class=\"elementor-heading-title elementor-size-default\">Les partenaires<\/h3>\t\t\t\t<\/div>\n\t\t\t\t<\/div>\n\t\t<div class=\"elementor-element elementor-element-03f9f1a e-con-full e-flex e-con e-child\" data-id=\"03f9f1a\" data-element_type=\"container\" data-e-type=\"container\">\n\t\t\t\t<div class=\"elementor-element elementor-element-2e53473 elementor-widget elementor-widget-text-editor\" data-id=\"2e53473\" data-element_type=\"widget\" data-e-type=\"widget\" data-widget_type=\"text-editor.default\">\n\t\t\t\t\t\t\t\t\t<p>Nous mettons tout en oeuvre pour \u00e9tablir une relation compl\u00e8te avec nos diff\u00e9rents partenaires afin de vous assurer une prestation de qualit\u00e9. BATEREA s&rsquo;entoure de savoir-faire cruciaux :<\/p><ul><li>Architectes<\/li><li>Partenaires techniques et bureaux d\u2019\u00e9tudes compl\u00e9mentaires (g\u00e9nie civil, \u00e9tudes g\u00e9otechnique, b\u00e9ton arm\u00e9, etc)<\/li><li>Entreprises locales (\u00e9lectriciens, plombiers, menuisiers, chauffagistes, piscinistes, paysagistes, etc.)<\/li><li>Industriels et n\u00e9goces en mat\u00e9riaux<\/li><\/ul>\t\t\t\t\t\t\t\t<\/div>\n\t\t\t\t<\/div>\n\t\t\t\t\t<\/div>\n\t\t\t\t<\/div>\n\t\t<div class=\"elementor-element elementor-element-7420a42 e-con-full e-flex e-con e-parent\" data-id=\"7420a42\" data-element_type=\"container\" data-e-type=\"container\">\n\t\t\t\t<div class=\"elementor-element elementor-element-6e1775e elementor-widget elementor-widget-image\" data-id=\"6e1775e\" data-element_type=\"widget\" data-e-type=\"widget\" data-widget_type=\"image.default\">\n\t\t\t\t\t\t\t\t\t\t\t\t\t\t\t<img loading=\"lazy\" decoding=\"async\" width=\"800\" height=\"450\" src=\"https:\/\/baterea.fr\/wp-content\/uploads\/2026\/02\/AG4A6906-2-1024x576.jpg\" class=\"attachment-large size-large wp-image-862\" alt=\"BATEREA\" srcset=\"https:\/\/baterea.fr\/wp-content\/uploads\/2026\/02\/AG4A6906-2-1024x576.jpg 1024w, https:\/\/baterea.fr\/wp-content\/uploads\/2026\/02\/AG4A6906-2-300x169.jpg 300w, https:\/\/baterea.fr\/wp-content\/uploads\/2026\/02\/AG4A6906-2-768x432.jpg 768w, https:\/\/baterea.fr\/wp-content\/uploads\/2026\/02\/AG4A6906-2-1536x864.jpg 1536w, https:\/\/baterea.fr\/wp-content\/uploads\/2026\/02\/AG4A6906-2-2048x1152.jpg 2048w\" sizes=\"auto, (max-width: 800px) 100vw, 800px\" \/>\t\t\t\t\t\t\t\t\t\t\t\t\t\t\t<\/div>\n\t\t\t\t<\/div>\n\t\t<div class=\"elementor-element elementor-element-e44bb3b e-flex e-con-boxed e-con e-parent\" data-id=\"e44bb3b\" data-element_type=\"container\" data-e-type=\"container\">\n\t\t\t\t\t<div class=\"e-con-inner\">\n\t\t<div class=\"elementor-element elementor-element-0800af0 e-con-full e-flex e-con e-child\" data-id=\"0800af0\" data-element_type=\"container\" data-e-type=\"container\">\n\t\t\t\t<div class=\"elementor-element elementor-element-6c0cac5 elementor-widget elementor-widget-text-editor\" data-id=\"6c0cac5\" data-element_type=\"widget\" data-e-type=\"widget\" data-widget_type=\"text-editor.default\">\n\t\t\t\t\t\t\t\t\t<p>Vous souhaitez nous parler d&rsquo;un projet ?\u00a0<\/p>\t\t\t\t\t\t\t\t<\/div>\n\t\t\t\t<\/div>\n\t\t<div class=\"elementor-element elementor-element-810569a e-con-full e-flex e-con e-child\" data-id=\"810569a\" data-element_type=\"container\" data-e-type=\"container\">\n\t\t\t\t<div class=\"elementor-element elementor-element-46d2d9d elementor-widget elementor-widget-text-editor\" data-id=\"46d2d9d\" data-element_type=\"widget\" data-e-type=\"widget\" data-widget_type=\"text-editor.default\">\n\t\t\t\t\t\t\t\t\t<p>Utilisez notre formulaire de contact et nous r\u00e9pondrons au plus vite.<\/p>\t\t\t\t\t\t\t\t<\/div>\n\t\t\t\t<\/div>\n\t\t<div class=\"elementor-element elementor-element-deec564 e-con-full e-flex e-con e-child\" data-id=\"deec564\" data-element_type=\"container\" data-e-type=\"container\">\n\t\t\t\t<div class=\"elementor-element elementor-element-5b1c93a elementor-widget elementor-widget-button\" data-id=\"5b1c93a\" data-element_type=\"widget\" data-e-type=\"widget\" data-widget_type=\"button.default\">\n\t\t\t\t\t\t\t\t\t\t<a class=\"elementor-button elementor-button-link elementor-size-sm\" href=\"https:\/\/baterea.fr\/index.php\/contact\/\">\n\t\t\t\t\t\t<span class=\"elementor-button-content-wrapper\">\n\t\t\t\t\t\t\t\t\t<span class=\"elementor-button-text\">Nous contacter<\/span>\n\t\t\t\t\t<\/span>\n\t\t\t\t\t<\/a>\n\t\t\t\t\t\t\t\t<\/div>\n\t\t\t\t<\/div>\n\t\t\t\t\t<\/div>\n\t\t\t\t<\/div>\n\t\t\t\t<\/div>\n\t\t","protected":false},"excerpt":{"rendered":"<p>Qui sommes-nous ? Pourquoi BATEREA ? Depuis janvier 2025, Philippe Peretti, originaire de Bordeaux, a int\u00e9gr\u00e9 le groupe Fernandes, en tant que directeur d\u2019exploitation, dans le but de d\u00e9velopper les op\u00e9rations de construction sur la r\u00e9gion Bordelaise.L\u2019association entre Philippe et Franck donne naissance \u00e0 l\u2019entreprise BATEREA, alliant des savoirs faire et un \u00e9tat esprit au [&hellip;]<\/p>\n","protected":false},"author":1,"featured_media":0,"parent":0,"menu_order":2,"comment_status":"closed","ping_status":"closed","template":"elementor_canvas","meta":{"footnotes":""},"class_list":["post-97","page","type-page","status-publish","hentry"],"_links":{"self":[{"href":"https:\/\/baterea.fr\/index.php\/wp-json\/wp\/v2\/pages\/97","targetHints":{"allow":["GET"]}}],"collection":[{"href":"https:\/\/baterea.fr\/index.php\/wp-json\/wp\/v2\/pages"}],"about":[{"href":"https:\/\/baterea.fr\/index.php\/wp-json\/wp\/v2\/types\/page"}],"author":[{"embeddable":true,"href":"https:\/\/baterea.fr\/index.php\/wp-json\/wp\/v2\/users\/1"}],"replies":[{"embeddable":true,"href":"https:\/\/baterea.fr\/index.php\/wp-json\/wp\/v2\/comments?post=97"}],"version-history":[{"count":74,"href":"https:\/\/baterea.fr\/index.php\/wp-json\/wp\/v2\/pages\/97\/revisions"}],"predecessor-version":[{"id":1120,"href":"https:\/\/baterea.fr\/index.php\/wp-json\/wp\/v2\/pages\/97\/revisions\/1120"}],"wp:attachment":[{"href":"https:\/\/baterea.fr\/index.php\/wp-json\/wp\/v2\/media?parent=97"}],"curies":[{"name":"wp","href":"https:\/\/api.w.org\/{rel}","templated":true}]}}