{"id":907,"date":"2026-02-13T08:29:04","date_gmt":"2026-02-13T08:29:04","guid":{"rendered":"https:\/\/baterea.fr\/?page_id=907"},"modified":"2026-02-14T10:02:53","modified_gmt":"2026-02-14T10:02:53","slug":"maison-individuelle-landes","status":"publish","type":"page","link":"https:\/\/baterea.fr\/index.php\/maison-individuelle-landes\/","title":{"rendered":"Maison individuelle"},"content":{"rendered":"\t\t<div data-elementor-type=\"wp-page\" data-elementor-id=\"907\" class=\"elementor elementor-907\">\n\t\t\t\t<div class=\"elementor-element elementor-element-5c9e71f1 e-flex e-con-boxed e-con e-parent\" data-id=\"5c9e71f1\" data-element_type=\"container\" data-e-type=\"container\">\n\t\t\t\t\t<div class=\"e-con-inner\">\n\t\t\t\t<div class=\"elementor-element elementor-element-2db73541 elementor-widget elementor-widget-button\" data-id=\"2db73541\" data-element_type=\"widget\" data-e-type=\"widget\" data-widget_type=\"button.default\">\n\t\t\t\t\t\t\t\t\t\t<a class=\"elementor-button elementor-button-link elementor-size-sm\" href=\"https:\/\/baterea.fr\/index.php\/nos-realisations\/\">\n\t\t\t\t\t\t<span class=\"elementor-button-content-wrapper\">\n\t\t\t\t\t\t\t\t\t<span class=\"elementor-button-text\">\u2190 Retour aux r\u00e9alisations<\/span>\n\t\t\t\t\t<\/span>\n\t\t\t\t\t<\/a>\n\t\t\t\t\t\t\t\t<\/div>\n\t\t\t\t\t<\/div>\n\t\t\t\t<\/div>\n\t\t<div class=\"elementor-element elementor-element-6fb45762 e-flex e-con-boxed e-con e-parent\" data-id=\"6fb45762\" data-element_type=\"container\" data-e-type=\"container\" data-settings=\"{&quot;background_background&quot;:&quot;classic&quot;}\">\n\t\t\t\t\t<div class=\"e-con-inner\">\n\t\t<div class=\"elementor-element elementor-element-61429237 e-con-full e-flex e-con e-child\" data-id=\"61429237\" data-element_type=\"container\" data-e-type=\"container\">\n\t\t\t\t<div class=\"elementor-element elementor-element-9797373 elementor-widget__width-initial elementor-widget elementor-widget-heading\" data-id=\"9797373\" data-element_type=\"widget\" data-e-type=\"widget\" data-widget_type=\"heading.default\">\n\t\t\t\t\t<h2 class=\"elementor-heading-title elementor-size-default\">Maison individuelle<br>LES LANDES - 200 m\u00b2<\/h2>\t\t\t\t<\/div>\n\t\t\t\t<div class=\"elementor-element elementor-element-6eb2d771 elementor-widget__width-initial elementor-widget elementor-widget-text-editor\" data-id=\"6eb2d771\" data-element_type=\"widget\" data-e-type=\"widget\" data-widget_type=\"text-editor.default\">\n\t\t\t\t\t\t\t\t\t<p class=\"cvGsUA direction-ltr align-start para-style-body\"><span class=\"a_GcMg font-feature-liga-off font-feature-clig-off font-feature-calt-off text-decoration-none text-strikethrough-none\">Construction du bas d&rsquo;une maison pour accueillir une ossature bois.<\/span><\/p><p>Un projet m\u00ealant rapidit\u00e9 et technicit\u00e9 ont permis de r\u00e9aliser le gros oeuvre ce bas de villa. Le projet int\u00e8gre de grandes qualit\u00e9s de r\u00e9sistances thermiques qui en fera une maison \u00e9nerg\u00e9tiquement passive.\u00a0<\/p>\t\t\t\t\t\t\t\t<\/div>\n\t\t\t\t<div class=\"elementor-element elementor-element-19c471bf elementor-widget elementor-widget-google_maps\" data-id=\"19c471bf\" data-element_type=\"widget\" data-e-type=\"widget\" data-widget_type=\"google_maps.default\">\n\t\t\t\t\t\t\t<div class=\"elementor-custom-embed\">\n\t\t\t<iframe loading=\"lazy\"\n\t\t\t\t\tsrc=\"https:\/\/maps.google.com\/maps?q=LANDES&#038;t=m&#038;z=7&#038;output=embed&#038;iwloc=near\"\n\t\t\t\t\ttitle=\"LANDES\"\n\t\t\t\t\taria-label=\"LANDES\"\n\t\t\t><\/iframe>\n\t\t<\/div>\n\t\t\t\t\t\t<\/div>\n\t\t\t\t<\/div>\n\t\t<div class=\"elementor-element elementor-element-12742092 e-con-full e-flex e-con e-child\" data-id=\"12742092\" data-element_type=\"container\" data-e-type=\"container\">\n\t\t<div class=\"elementor-element elementor-element-2c03573e e-con-full e-flex e-con e-child\" data-id=\"2c03573e\" data-element_type=\"container\" data-e-type=\"container\" data-settings=\"{&quot;background_background&quot;:&quot;classic&quot;}\">\n\t\t\t\t<div class=\"elementor-element elementor-element-66d96505 elementor-widget__width-initial elementor-widget elementor-widget-image\" data-id=\"66d96505\" data-element_type=\"widget\" data-e-type=\"widget\" data-widget_type=\"image.default\">\n\t\t\t\t\t\t\t\t\t\t\t\t\t\t\t<img decoding=\"async\" src=\"https:\/\/baterea.fr\/wp-content\/uploads\/2026\/02\/7-4.png\" title=\"Maison individuelle Les Landes\" alt=\"Maison individuelle Les Landes\" loading=\"lazy\" \/>\t\t\t\t\t\t\t\t\t\t\t\t\t\t\t<\/div>\n\t\t\t\t<\/div>\n\t\t\t\t<\/div>\n\t\t\t\t\t<\/div>\n\t\t\t\t<\/div>\n\t\t<div class=\"elementor-element elementor-element-819eed0 e-flex e-con-boxed e-con e-parent\" data-id=\"819eed0\" data-element_type=\"container\" data-e-type=\"container\">\n\t\t\t\t\t<div class=\"e-con-inner\">\n\t\t<div class=\"elementor-element elementor-element-9cb8a25 e-con-full e-flex e-con e-child\" data-id=\"9cb8a25\" data-element_type=\"container\" data-e-type=\"container\">\n\t\t\t\t<div class=\"elementor-element elementor-element-77ec2161 elementor-widget elementor-widget-image\" data-id=\"77ec2161\" data-element_type=\"widget\" data-e-type=\"widget\" data-widget_type=\"image.default\">\n\t\t\t\t\t\t\t\t\t\t\t\t\t\t\t<img loading=\"lazy\" decoding=\"async\" width=\"1080\" height=\"1080\" src=\"https:\/\/baterea.fr\/wp-content\/uploads\/2026\/02\/7-3.png\" class=\"attachment-full size-full wp-image-911\" alt=\"Les Landes Maison Individuelle 2\" srcset=\"https:\/\/baterea.fr\/wp-content\/uploads\/2026\/02\/7-3.png 1080w, https:\/\/baterea.fr\/wp-content\/uploads\/2026\/02\/7-3-300x300.png 300w, https:\/\/baterea.fr\/wp-content\/uploads\/2026\/02\/7-3-1024x1024.png 1024w, https:\/\/baterea.fr\/wp-content\/uploads\/2026\/02\/7-3-150x150.png 150w, https:\/\/baterea.fr\/wp-content\/uploads\/2026\/02\/7-3-768x768.png 768w\" sizes=\"auto, (max-width: 1080px) 100vw, 1080px\" \/>\t\t\t\t\t\t\t\t\t\t\t\t\t\t\t<\/div>\n\t\t\t\t<\/div>\n\t\t<div class=\"elementor-element elementor-element-e499efa e-con-full e-flex e-con e-child\" data-id=\"e499efa\" data-element_type=\"container\" data-e-type=\"container\">\n\t\t\t\t<div class=\"elementor-element elementor-element-c44e252 elementor-widget elementor-widget-image\" data-id=\"c44e252\" data-element_type=\"widget\" data-e-type=\"widget\" data-widget_type=\"image.default\">\n\t\t\t\t\t\t\t\t\t\t\t\t\t\t\t<img loading=\"lazy\" decoding=\"async\" width=\"1080\" height=\"1080\" src=\"https:\/\/baterea.fr\/wp-content\/uploads\/2026\/02\/7-2.png\" class=\"attachment-full size-full wp-image-913\" alt=\"Maison individuelle LES LANDES 3\" srcset=\"https:\/\/baterea.fr\/wp-content\/uploads\/2026\/02\/7-2.png 1080w, https:\/\/baterea.fr\/wp-content\/uploads\/2026\/02\/7-2-300x300.png 300w, https:\/\/baterea.fr\/wp-content\/uploads\/2026\/02\/7-2-1024x1024.png 1024w, https:\/\/baterea.fr\/wp-content\/uploads\/2026\/02\/7-2-150x150.png 150w, https:\/\/baterea.fr\/wp-content\/uploads\/2026\/02\/7-2-768x768.png 768w\" sizes=\"auto, (max-width: 1080px) 100vw, 1080px\" \/>\t\t\t\t\t\t\t\t\t\t\t\t\t\t\t<\/div>\n\t\t\t\t<\/div>\n\t\t<div class=\"elementor-element elementor-element-f19e24d e-con-full e-flex e-con e-child\" data-id=\"f19e24d\" data-element_type=\"container\" data-e-type=\"container\">\n\t\t\t\t<div class=\"elementor-element elementor-element-2e50ba4 elementor-widget__width-initial elementor-widget elementor-widget-image\" data-id=\"2e50ba4\" data-element_type=\"widget\" data-e-type=\"widget\" data-widget_type=\"image.default\">\n\t\t\t\t\t\t\t\t\t\t\t\t\t\t\t<img loading=\"lazy\" decoding=\"async\" width=\"1080\" height=\"446\" src=\"https:\/\/baterea.fr\/wp-content\/uploads\/2026\/02\/7-e1770971593998.png\" class=\"attachment-full size-full wp-image-914\" alt=\"Maison Individuelle Les Landes 4\" srcset=\"https:\/\/baterea.fr\/wp-content\/uploads\/2026\/02\/7-e1770971593998.png 1080w, https:\/\/baterea.fr\/wp-content\/uploads\/2026\/02\/7-e1770971593998-300x124.png 300w, https:\/\/baterea.fr\/wp-content\/uploads\/2026\/02\/7-e1770971593998-1024x423.png 1024w, https:\/\/baterea.fr\/wp-content\/uploads\/2026\/02\/7-e1770971593998-768x317.png 768w\" sizes=\"auto, (max-width: 1080px) 100vw, 1080px\" \/>\t\t\t\t\t\t\t\t\t\t\t\t\t\t\t<\/div>\n\t\t\t\t<\/div>\n\t\t\t\t\t<\/div>\n\t\t\t\t<\/div>\n\t\t<div class=\"elementor-element elementor-element-580e065e e-flex e-con-boxed e-con e-parent\" data-id=\"580e065e\" data-element_type=\"container\" data-e-type=\"container\">\n\t\t\t\t\t<div class=\"e-con-inner\">\n\t\t<div class=\"elementor-element elementor-element-2ddd92db e-con-full e-flex e-con e-child\" data-id=\"2ddd92db\" data-element_type=\"container\" data-e-type=\"container\">\n\t\t\t\t<div class=\"elementor-element elementor-element-6e2f8dbe elementor-widget elementor-widget-text-editor\" data-id=\"6e2f8dbe\" data-element_type=\"widget\" data-e-type=\"widget\" data-widget_type=\"text-editor.default\">\n\t\t\t\t\t\t\t\t\t<p>Vous souhaitez nous parler d&rsquo;un projet ?\u00a0<\/p>\t\t\t\t\t\t\t\t<\/div>\n\t\t\t\t<\/div>\n\t\t<div class=\"elementor-element elementor-element-27805591 e-con-full e-flex e-con e-child\" data-id=\"27805591\" data-element_type=\"container\" data-e-type=\"container\">\n\t\t\t\t<div class=\"elementor-element elementor-element-28c7d005 elementor-widget elementor-widget-text-editor\" data-id=\"28c7d005\" data-element_type=\"widget\" data-e-type=\"widget\" data-widget_type=\"text-editor.default\">\n\t\t\t\t\t\t\t\t\t<p>Utilisez notre formulaire de contact et nous r\u00e9pondrons au plus vite.<\/p>\t\t\t\t\t\t\t\t<\/div>\n\t\t\t\t<\/div>\n\t\t<div class=\"elementor-element elementor-element-5bf0bad3 e-con-full e-flex e-con e-child\" data-id=\"5bf0bad3\" data-element_type=\"container\" data-e-type=\"container\">\n\t\t\t\t<div class=\"elementor-element elementor-element-16daa3a4 elementor-widget elementor-widget-button\" data-id=\"16daa3a4\" data-element_type=\"widget\" data-e-type=\"widget\" data-widget_type=\"button.default\">\n\t\t\t\t\t\t\t\t\t\t<a class=\"elementor-button elementor-button-link elementor-size-sm\" href=\"https:\/\/baterea.fr\/index.php\/contact\/\">\n\t\t\t\t\t\t<span class=\"elementor-button-content-wrapper\">\n\t\t\t\t\t\t\t\t\t<span class=\"elementor-button-text\">Nous contacter<\/span>\n\t\t\t\t\t<\/span>\n\t\t\t\t\t<\/a>\n\t\t\t\t\t\t\t\t<\/div>\n\t\t\t\t<\/div>\n\t\t\t\t\t<\/div>\n\t\t\t\t<\/div>\n\t\t\t\t<\/div>\n\t\t","protected":false},"excerpt":{"rendered":"<p>\u2190 Retour aux r\u00e9alisations Maison individuelleLES LANDES &#8211; 200 m\u00b2 Construction du bas d&rsquo;une maison pour accueillir une ossature bois. Un projet m\u00ealant rapidit\u00e9 et technicit\u00e9 ont permis de r\u00e9aliser le gros oeuvre ce bas de villa. Le projet int\u00e8gre de grandes qualit\u00e9s de r\u00e9sistances thermiques qui en fera une maison \u00e9nerg\u00e9tiquement passive.\u00a0 Vous souhaitez [&hellip;]<\/p>\n","protected":false},"author":1,"featured_media":0,"parent":0,"menu_order":0,"comment_status":"closed","ping_status":"closed","template":"elementor_canvas","meta":{"footnotes":""},"class_list":["post-907","page","type-page","status-publish","hentry"],"_links":{"self":[{"href":"https:\/\/baterea.fr\/index.php\/wp-json\/wp\/v2\/pages\/907","targetHints":{"allow":["GET"]}}],"collection":[{"href":"https:\/\/baterea.fr\/index.php\/wp-json\/wp\/v2\/pages"}],"about":[{"href":"https:\/\/baterea.fr\/index.php\/wp-json\/wp\/v2\/types\/page"}],"author":[{"embeddable":true,"href":"https:\/\/baterea.fr\/index.php\/wp-json\/wp\/v2\/users\/1"}],"replies":[{"embeddable":true,"href":"https:\/\/baterea.fr\/index.php\/wp-json\/wp\/v2\/comments?post=907"}],"version-history":[{"count":17,"href":"https:\/\/baterea.fr\/index.php\/wp-json\/wp\/v2\/pages\/907\/revisions"}],"predecessor-version":[{"id":1053,"href":"https:\/\/baterea.fr\/index.php\/wp-json\/wp\/v2\/pages\/907\/revisions\/1053"}],"wp:attachment":[{"href":"https:\/\/baterea.fr\/index.php\/wp-json\/wp\/v2\/media?parent=907"}],"curies":[{"name":"wp","href":"https:\/\/api.w.org\/{rel}","templated":true}]}}