{"id":133,"date":"2026-02-02T15:36:11","date_gmt":"2026-02-02T15:36:11","guid":{"rendered":"http:\/\/baterea.fr\/?page_id=133"},"modified":"2026-02-08T12:13:09","modified_gmt":"2026-02-08T12:13:09","slug":"contact","status":"publish","type":"page","link":"https:\/\/baterea.fr\/index.php\/contact\/","title":{"rendered":"Contact"},"content":{"rendered":"\t\t<div data-elementor-type=\"wp-page\" data-elementor-id=\"133\" class=\"elementor elementor-133\">\n\t\t\t\t<div class=\"elementor-element elementor-element-710cf23b e-flex e-con-boxed e-con e-parent\" data-id=\"710cf23b\" data-element_type=\"container\" data-e-type=\"container\">\n\t\t\t\t\t<div class=\"e-con-inner\">\n\t\t\t\t<div class=\"elementor-element elementor-element-9773416 elementor-widget elementor-widget-heading\" data-id=\"9773416\" data-element_type=\"widget\" data-e-type=\"widget\" data-widget_type=\"heading.default\">\n\t\t\t\t\t<h1 class=\"elementor-heading-title elementor-size-default\">Nous contacter<\/h1>\t\t\t\t<\/div>\n\t\t\t\t<div class=\"elementor-element elementor-element-7af8500 elementor-widget__width-initial elementor-widget-mobile__width-initial elementor-widget elementor-widget-heading\" data-id=\"7af8500\" data-element_type=\"widget\" data-e-type=\"widget\" data-widget_type=\"heading.default\">\n\t\t\t\t\t<h5 class=\"elementor-heading-title elementor-size-default\">Merci de remplir le formulaire, nous allons vous contacter dans les plus brefs d\u00e9lais.<\/h5>\t\t\t\t<\/div>\n\t\t\t\t\t<\/div>\n\t\t\t\t<\/div>\n\t\t<div class=\"elementor-element elementor-element-813ea16 e-con-full e-flex e-con e-parent\" data-id=\"813ea16\" data-element_type=\"container\" data-e-type=\"container\">\n\t\t<div class=\"elementor-element elementor-element-713b2a0 e-con-full e-flex e-con e-child\" data-id=\"713b2a0\" data-element_type=\"container\" data-e-type=\"container\">\n\t\t\t\t<div class=\"elementor-element elementor-element-d553589 elementor-widget elementor-widget-heading\" data-id=\"d553589\" data-element_type=\"widget\" data-e-type=\"widget\" data-widget_type=\"heading.default\">\n\t\t\t\t\t<h3 class=\"elementor-heading-title elementor-size-default\">Votre contact direct<\/h3>\t\t\t\t<\/div>\n\t\t\t\t<div class=\"elementor-element elementor-element-d90d1e0 elementor-widget elementor-widget-text-editor\" data-id=\"d90d1e0\" data-element_type=\"widget\" data-e-type=\"widget\" data-widget_type=\"text-editor.default\">\n\t\t\t\t\t\t\t\t\t<h5><strong>Philippe Peretti\u00a0<\/strong><\/h5><p><span style=\"text-decoration: underline;\"><a href=\"http:\/\/+33 6 68 90 57 44\" data-wplink-url-error=\"true\"><span class=\"a_GcMg font-feature-liga-off font-feature-clig-off font-feature-calt-off text-decoration-none text-strikethrough-none\">+33 6 68 90 57 44<\/span><\/a><\/span><\/p>\t\t\t\t\t\t\t\t<\/div>\n\t\t\t\t<div class=\"elementor-element elementor-element-d91ceb5 elementor-widget elementor-widget-text-editor\" data-id=\"d91ceb5\" data-element_type=\"widget\" data-e-type=\"widget\" data-widget_type=\"text-editor.default\">\n\t\t\t\t\t\t\t\t\t<p>2 rue de la Silice ZA 33380 Marcheprime<br \/>BATEREA intervient sur Bordeaux et la CUB, Bassin d&rsquo;Arcachon, Lacanau, Landes.<br \/>Autres zones Sud Ouest : soumettre la demande.<\/p>\t\t\t\t\t\t\t\t<\/div>\n\t\t\t\t<div class=\"elementor-element elementor-element-aa4ad2f elementor-widget elementor-widget-google_maps\" data-id=\"aa4ad2f\" data-element_type=\"widget\" data-e-type=\"widget\" data-widget_type=\"google_maps.default\">\n\t\t\t\t\t\t\t<div class=\"elementor-custom-embed\">\n\t\t\t<iframe loading=\"lazy\"\n\t\t\t\t\tsrc=\"https:\/\/maps.google.com\/maps?q=2%20rue%20de%20la%20Silice%20&#038;t=m&#038;z=8&#038;output=embed&#038;iwloc=near\"\n\t\t\t\t\ttitle=\"2 rue de la Silice \"\n\t\t\t\t\taria-label=\"2 rue de la Silice \"\n\t\t\t><\/iframe>\n\t\t<\/div>\n\t\t\t\t\t\t<\/div>\n\t\t\t\t<\/div>\n\t\t<div class=\"elementor-element elementor-element-c37003c e-con-full e-flex e-con e-child\" data-id=\"c37003c\" data-element_type=\"container\" data-e-type=\"container\">\n\t\t\t\t<div class=\"elementor-element elementor-element-1c23975 elementor-widget elementor-widget-wpforms\" data-id=\"1c23975\" data-element_type=\"widget\" data-e-type=\"widget\" data-widget_type=\"wpforms.default\">\n\t\t\t\t<div class=\"elementor-widget-container\">\n\t\t\t\t\t<style id=\"wpforms-css-vars-elementor-widget-1c23975\">\n\t\t\t\t.elementor-widget-wpforms.elementor-element-1c23975 {\n\t\t\t\t--wpforms-button-background-color: #F56300;\n\t\t\t}\n\t\t\t<\/style><div class=\"wpforms-container wpforms-container-full wpforms-render-modern\" id=\"wpforms-136\"><form id=\"wpforms-form-136\" class=\"wpforms-validate wpforms-form wpforms-ajax-form\" data-formid=\"136\" method=\"post\" enctype=\"multipart\/form-data\" action=\"\/index.php\/wp-json\/wp\/v2\/pages\/133\" data-token=\"9be0a6a19cfadd8bba3e7d7b1d96e9e0\" data-token-time=\"1776045843\"><noscript class=\"wpforms-error-noscript\">Veuillez activer JavaScript dans votre navigateur pour remplir ce formulaire.<\/noscript><div id=\"wpforms-error-noscript\" style=\"display: none;\">Veuillez activer JavaScript dans votre navigateur pour remplir ce formulaire.<\/div><div class=\"wpforms-field-container\"><div id=\"wpforms-136-field_1-container\" class=\"wpforms-field wpforms-field-name\" data-field-id=\"1\"><label class=\"wpforms-field-label\" for=\"wpforms-136-field_1\">Votre nom et pr\u00e9nom <span class=\"wpforms-required-label\" aria-hidden=\"true\">*<\/span><\/label><input type=\"text\" id=\"wpforms-136-field_1\" class=\"wpforms-field-medium wpforms-field-required\" name=\"wpforms[fields][1]\" aria-errormessage=\"wpforms-136-field_1-error\" required><\/div><div id=\"wpforms-136-field_6-container\" class=\"wpforms-field wpforms-field-text\" data-field-id=\"6\"><label class=\"wpforms-field-label\" for=\"wpforms-136-field_6\">Votre num\u00e9ro de t\u00e9l\u00e9phone <span class=\"wpforms-required-label\" aria-hidden=\"true\">*<\/span><\/label><input type=\"text\" id=\"wpforms-136-field_6\" class=\"wpforms-field-medium wpforms-field-required\" name=\"wpforms[fields][6]\" aria-errormessage=\"wpforms-136-field_6-error\" required><\/div>\t\t<div id=\"wpforms-136-field_4-container\"\n\t\t\tclass=\"wpforms-field wpforms-field-text\"\n\t\t\tdata-field-type=\"text\"\n\t\t\tdata-field-id=\"4\"\n\t\t\t>\n\t\t\t<label class=\"wpforms-field-label\" for=\"wpforms-136-field_4\" >Vous Votre et<\/label>\n\t\t\t<input type=\"text\" id=\"wpforms-136-field_4\" class=\"wpforms-field-medium\" name=\"wpforms[fields][4]\" >\n\t\t<\/div>\n\t\t<div id=\"wpforms-136-field_2-container\" class=\"wpforms-field wpforms-field-email\" data-field-id=\"2\"><label class=\"wpforms-field-label\" for=\"wpforms-136-field_2\">Votre e-mail <span class=\"wpforms-required-label\" aria-hidden=\"true\">*<\/span><\/label><input type=\"email\" id=\"wpforms-136-field_2\" class=\"wpforms-field-medium wpforms-field-required\" name=\"wpforms[fields][2]\" spellcheck=\"false\" aria-errormessage=\"wpforms-136-field_2-error\" required><\/div><div id=\"wpforms-136-field_7-container\" class=\"wpforms-field wpforms-field-radio wpforms-list-inline\" data-field-id=\"7\"><fieldset><legend class=\"wpforms-field-label\">Vous \u00eates <span class=\"wpforms-required-label\" aria-hidden=\"true\">*<\/span><\/legend><ul id=\"wpforms-136-field_7\" class=\"wpforms-field-required\"><li class=\"choice-1 depth-1\"><input type=\"radio\" id=\"wpforms-136-field_7_1\" name=\"wpforms[fields][7]\" value=\"Un particulier\" aria-errormessage=\"wpforms-136-field_7_1-error\" required ><label class=\"wpforms-field-label-inline\" for=\"wpforms-136-field_7_1\">Un particulier<\/label><\/li><li class=\"choice-2 depth-1\"><input type=\"radio\" id=\"wpforms-136-field_7_2\" name=\"wpforms[fields][7]\" value=\"Un professionnel\" aria-errormessage=\"wpforms-136-field_7_2-error\" required ><label class=\"wpforms-field-label-inline\" for=\"wpforms-136-field_7_2\">Un professionnel<\/label><\/li><li class=\"choice-3 depth-1\"><input type=\"radio\" id=\"wpforms-136-field_7_3\" name=\"wpforms[fields][7]\" value=\"Une collectivit\u00e9\" aria-errormessage=\"wpforms-136-field_7_3-error\" required ><label class=\"wpforms-field-label-inline\" for=\"wpforms-136-field_7_3\">Une collectivit\u00e9<\/label><\/li><\/ul><\/fieldset><\/div><div id=\"wpforms-136-field_3-container\" class=\"wpforms-field wpforms-field-textarea\" data-field-id=\"3\"><label class=\"wpforms-field-label\" for=\"wpforms-136-field_3\">Votre message <span class=\"wpforms-required-label\" aria-hidden=\"true\">*<\/span><\/label><textarea id=\"wpforms-136-field_3\" class=\"wpforms-field-medium wpforms-field-required\" name=\"wpforms[fields][3]\" aria-errormessage=\"wpforms-136-field_3-error\" required><\/textarea><\/div><script>\n\t\t\t\t( function() {\n\t\t\t\t\tconst style = document.createElement( 'style' );\n\t\t\t\t\tstyle.appendChild( document.createTextNode( '#wpforms-136-field_4-container { position: absolute !important; overflow: hidden !important; display: inline !important; height: 1px !important; width: 1px !important; z-index: -1000 !important; padding: 0 !important; } #wpforms-136-field_4-container input { visibility: hidden; } #wpforms-conversational-form-page #wpforms-136-field_4-container label { counter-increment: none; }' ) );\n\t\t\t\t\tdocument.head.appendChild( style );\n\t\t\t\t\tdocument.currentScript?.remove();\n\t\t\t\t} )();\n\t\t\t<\/script><\/div><!-- .wpforms-field-container --><div class=\"wpforms-submit-container\" ><input type=\"hidden\" name=\"wpforms[id]\" value=\"136\"><input type=\"hidden\" name=\"page_title\" value=\"\"><input type=\"hidden\" name=\"page_url\" value=\"https:\/\/baterea.fr\/index.php\/wp-json\/wp\/v2\/pages\/133\"><input type=\"hidden\" name=\"url_referer\" value=\"\"><button type=\"submit\" name=\"wpforms[submit]\" id=\"wpforms-submit-136\" class=\"wpforms-submit\" data-alt-text=\"Envoi...\" data-submit-text=\"Envoyer\" aria-live=\"assertive\" value=\"wpforms-submit\">Envoyer<\/button><img loading=\"lazy\" decoding=\"async\" src=\"https:\/\/baterea.fr\/wp-content\/plugins\/wpforms-lite\/assets\/images\/submit-spin.svg\" class=\"wpforms-submit-spinner\" style=\"display: none;\" width=\"26\" height=\"26\" alt=\"Chargement en cours\"><\/div><\/form><\/div>  <!-- .wpforms-container -->\t\t\t\t<\/div>\n\t\t\t\t<\/div>\n\t\t\t\t<\/div>\n\t\t\t\t<\/div>\n\t\t\t\t<\/div>\n\t\t","protected":false},"excerpt":{"rendered":"<p>Nous contacter Merci de remplir le formulaire, nous allons vous contacter dans les plus brefs d\u00e9lais. Votre contact direct Philippe Peretti\u00a0 +33 6 68 90 57 44 2 rue de la Silice ZA 33380 MarcheprimeBATEREA intervient sur Bordeaux et la CUB, Bassin d&rsquo;Arcachon, Lacanau, Landes.Autres zones Sud Ouest : soumettre la demande. Veuillez activer JavaScript [&hellip;]<\/p>\n","protected":false},"author":1,"featured_media":0,"parent":0,"menu_order":0,"comment_status":"closed","ping_status":"closed","template":"elementor_canvas","meta":{"footnotes":""},"class_list":["post-133","page","type-page","status-publish","hentry"],"_links":{"self":[{"href":"https:\/\/baterea.fr\/index.php\/wp-json\/wp\/v2\/pages\/133","targetHints":{"allow":["GET"]}}],"collection":[{"href":"https:\/\/baterea.fr\/index.php\/wp-json\/wp\/v2\/pages"}],"about":[{"href":"https:\/\/baterea.fr\/index.php\/wp-json\/wp\/v2\/types\/page"}],"author":[{"embeddable":true,"href":"https:\/\/baterea.fr\/index.php\/wp-json\/wp\/v2\/users\/1"}],"replies":[{"embeddable":true,"href":"https:\/\/baterea.fr\/index.php\/wp-json\/wp\/v2\/comments?post=133"}],"version-history":[{"count":50,"href":"https:\/\/baterea.fr\/index.php\/wp-json\/wp\/v2\/pages\/133\/revisions"}],"predecessor-version":[{"id":886,"href":"https:\/\/baterea.fr\/index.php\/wp-json\/wp\/v2\/pages\/133\/revisions\/886"}],"wp:attachment":[{"href":"https:\/\/baterea.fr\/index.php\/wp-json\/wp\/v2\/media?parent=133"}],"curies":[{"name":"wp","href":"https:\/\/api.w.org\/{rel}","templated":true}]}}