{"id":1050,"date":"2026-02-14T10:02:11","date_gmt":"2026-02-14T10:02:11","guid":{"rendered":"https:\/\/baterea.fr\/?page_id=1050"},"modified":"2026-02-14T10:11:49","modified_gmt":"2026-02-14T10:11:49","slug":"residence-margalex","status":"publish","type":"page","link":"https:\/\/baterea.fr\/index.php\/residence-margalex\/","title":{"rendered":"R\u00e9sidence Margalex"},"content":{"rendered":"\t\t<div data-elementor-type=\"wp-page\" data-elementor-id=\"1050\" class=\"elementor elementor-1050\">\n\t\t\t\t<div class=\"elementor-element elementor-element-24ef15f2 e-flex e-con-boxed e-con e-parent\" data-id=\"24ef15f2\" data-element_type=\"container\" data-e-type=\"container\">\n\t\t\t\t\t<div class=\"e-con-inner\">\n\t\t\t\t<div class=\"elementor-element elementor-element-e4b3c64 elementor-widget elementor-widget-button\" data-id=\"e4b3c64\" data-element_type=\"widget\" data-e-type=\"widget\" data-widget_type=\"button.default\">\n\t\t\t\t\t\t\t\t\t\t<a class=\"elementor-button elementor-button-link elementor-size-sm\" href=\"https:\/\/baterea.fr\/index.php\/nos-realisations\/\">\n\t\t\t\t\t\t<span class=\"elementor-button-content-wrapper\">\n\t\t\t\t\t\t\t\t\t<span class=\"elementor-button-text\">\u2190 Retour aux r\u00e9alisations<\/span>\n\t\t\t\t\t<\/span>\n\t\t\t\t\t<\/a>\n\t\t\t\t\t\t\t\t<\/div>\n\t\t\t\t\t<\/div>\n\t\t\t\t<\/div>\n\t\t<div class=\"elementor-element elementor-element-2e888d18 e-flex e-con-boxed e-con e-parent\" data-id=\"2e888d18\" data-element_type=\"container\" data-e-type=\"container\" data-settings=\"{&quot;background_background&quot;:&quot;classic&quot;}\">\n\t\t\t\t\t<div class=\"e-con-inner\">\n\t\t<div class=\"elementor-element elementor-element-732b3833 e-con-full e-flex e-con e-child\" data-id=\"732b3833\" data-element_type=\"container\" data-e-type=\"container\">\n\t\t\t\t<div class=\"elementor-element elementor-element-6076bf1 elementor-widget__width-initial elementor-widget elementor-widget-heading\" data-id=\"6076bf1\" data-element_type=\"widget\" data-e-type=\"widget\" data-widget_type=\"heading.default\">\n\t\t\t\t\t<h2 class=\"elementor-heading-title elementor-size-default\">R\u00e9sidence Margalex - LACANAU<\/h2>\t\t\t\t<\/div>\n\t\t\t\t<div class=\"elementor-element elementor-element-79a6728e elementor-widget__width-initial elementor-widget elementor-widget-text-editor\" data-id=\"79a6728e\" data-element_type=\"widget\" data-e-type=\"widget\" data-widget_type=\"text-editor.default\">\n\t\t\t\t\t\t\t\t\t<p class=\"cvGsUA direction-ltr align-start para-style-body\">Construction d&rsquo;une r\u00e9sidence de 15 logements.\u00a0<\/p>\t\t\t\t\t\t\t\t<\/div>\n\t\t\t\t<div class=\"elementor-element elementor-element-4887bb60 elementor-widget__width-initial elementor-widget elementor-widget-google_maps\" data-id=\"4887bb60\" data-element_type=\"widget\" data-e-type=\"widget\" data-widget_type=\"google_maps.default\">\n\t\t\t\t\t\t\t<div class=\"elementor-custom-embed\">\n\t\t\t<iframe loading=\"lazy\"\n\t\t\t\t\tsrc=\"https:\/\/maps.google.com\/maps?q=Lacanau&#038;t=m&#038;z=9&#038;output=embed&#038;iwloc=near\"\n\t\t\t\t\ttitle=\"Lacanau\"\n\t\t\t\t\taria-label=\"Lacanau\"\n\t\t\t><\/iframe>\n\t\t<\/div>\n\t\t\t\t\t\t<\/div>\n\t\t\t\t<\/div>\n\t\t\t\t\t<\/div>\n\t\t\t\t<\/div>\n\t\t<div class=\"elementor-element elementor-element-df31b60 e-flex e-con-boxed e-con e-parent\" data-id=\"df31b60\" data-element_type=\"container\" data-e-type=\"container\">\n\t\t\t\t\t<div class=\"e-con-inner\">\n\t\t<div class=\"elementor-element elementor-element-2c5739d e-con-full e-flex e-con e-child\" data-id=\"2c5739d\" data-element_type=\"container\" data-e-type=\"container\">\n\t\t\t\t<div class=\"elementor-element elementor-element-2ec841c4 elementor-widget elementor-widget-image\" data-id=\"2ec841c4\" data-element_type=\"widget\" data-e-type=\"widget\" data-widget_type=\"image.default\">\n\t\t\t\t\t\t\t\t\t\t\t\t\t\t\t<img loading=\"lazy\" decoding=\"async\" width=\"1080\" height=\"842\" src=\"https:\/\/baterea.fr\/wp-content\/uploads\/2026\/02\/11-e1771063761260.png\" class=\"attachment-full size-full wp-image-1059\" alt=\"R\u00e9sidence Margalex 2\" srcset=\"https:\/\/baterea.fr\/wp-content\/uploads\/2026\/02\/11-e1771063761260.png 1080w, https:\/\/baterea.fr\/wp-content\/uploads\/2026\/02\/11-e1771063761260-300x234.png 300w, https:\/\/baterea.fr\/wp-content\/uploads\/2026\/02\/11-e1771063761260-1024x798.png 1024w, https:\/\/baterea.fr\/wp-content\/uploads\/2026\/02\/11-e1771063761260-768x599.png 768w\" sizes=\"auto, (max-width: 1080px) 100vw, 1080px\" \/>\t\t\t\t\t\t\t\t\t\t\t\t\t\t\t<\/div>\n\t\t\t\t<\/div>\n\t\t<div class=\"elementor-element elementor-element-50f5996 e-con-full e-flex e-con e-child\" data-id=\"50f5996\" data-element_type=\"container\" data-e-type=\"container\">\n\t\t\t\t<div class=\"elementor-element elementor-element-50b50c77 elementor-widget__width-initial elementor-widget elementor-widget-image\" data-id=\"50b50c77\" data-element_type=\"widget\" data-e-type=\"widget\" data-widget_type=\"image.default\">\n\t\t\t\t\t\t\t\t\t\t\t\t\t\t\t<img decoding=\"async\" src=\"https:\/\/baterea.fr\/wp-content\/uploads\/2026\/02\/11-2-e1771063645246.png\" title=\"R\u00e9sidence Margalex\" alt=\"R\u00e9sidence Margalex\" loading=\"lazy\" \/>\t\t\t\t\t\t\t\t\t\t\t\t\t\t\t<\/div>\n\t\t\t\t<\/div>\n\t\t\t\t\t<\/div>\n\t\t\t\t<\/div>\n\t\t<div class=\"elementor-element elementor-element-7a270a98 e-flex e-con-boxed e-con e-parent\" data-id=\"7a270a98\" data-element_type=\"container\" data-e-type=\"container\">\n\t\t\t\t\t<div class=\"e-con-inner\">\n\t\t<div class=\"elementor-element elementor-element-1d488619 e-con-full e-flex e-con e-child\" data-id=\"1d488619\" data-element_type=\"container\" data-e-type=\"container\">\n\t\t\t\t<div class=\"elementor-element elementor-element-72bf294a elementor-widget elementor-widget-text-editor\" data-id=\"72bf294a\" data-element_type=\"widget\" data-e-type=\"widget\" data-widget_type=\"text-editor.default\">\n\t\t\t\t\t\t\t\t\t<p>Vous souhaitez nous parler d&rsquo;un projet ?\u00a0<\/p>\t\t\t\t\t\t\t\t<\/div>\n\t\t\t\t<\/div>\n\t\t<div class=\"elementor-element elementor-element-3871d331 e-con-full e-flex e-con e-child\" data-id=\"3871d331\" data-element_type=\"container\" data-e-type=\"container\">\n\t\t\t\t<div class=\"elementor-element elementor-element-19417c3 elementor-widget elementor-widget-text-editor\" data-id=\"19417c3\" data-element_type=\"widget\" data-e-type=\"widget\" data-widget_type=\"text-editor.default\">\n\t\t\t\t\t\t\t\t\t<p>Utilisez notre formulaire de contact et nous r\u00e9pondrons au plus vite.<\/p>\t\t\t\t\t\t\t\t<\/div>\n\t\t\t\t<\/div>\n\t\t<div class=\"elementor-element elementor-element-4a16250f e-con-full e-flex e-con e-child\" data-id=\"4a16250f\" data-element_type=\"container\" data-e-type=\"container\">\n\t\t\t\t<div class=\"elementor-element elementor-element-12daa701 elementor-widget elementor-widget-button\" data-id=\"12daa701\" data-element_type=\"widget\" data-e-type=\"widget\" data-widget_type=\"button.default\">\n\t\t\t\t\t\t\t\t\t\t<a class=\"elementor-button elementor-button-link elementor-size-sm\" href=\"https:\/\/baterea.fr\/index.php\/contact\/\">\n\t\t\t\t\t\t<span class=\"elementor-button-content-wrapper\">\n\t\t\t\t\t\t\t\t\t<span class=\"elementor-button-text\">Nous contacter<\/span>\n\t\t\t\t\t<\/span>\n\t\t\t\t\t<\/a>\n\t\t\t\t\t\t\t\t<\/div>\n\t\t\t\t<\/div>\n\t\t\t\t\t<\/div>\n\t\t\t\t<\/div>\n\t\t\t\t<\/div>\n\t\t","protected":false},"excerpt":{"rendered":"<p>\u2190 Retour aux r\u00e9alisations R\u00e9sidence Margalex &#8211; LACANAU Construction d&rsquo;une r\u00e9sidence de 15 logements.\u00a0 Vous souhaitez nous parler d&rsquo;un projet ?\u00a0 Utilisez notre formulaire de contact et nous r\u00e9pondrons au plus vite. Nous contacter<\/p>\n","protected":false},"author":1,"featured_media":0,"parent":0,"menu_order":0,"comment_status":"closed","ping_status":"closed","template":"elementor_canvas","meta":{"footnotes":""},"class_list":["post-1050","page","type-page","status-publish","hentry"],"_links":{"self":[{"href":"https:\/\/baterea.fr\/index.php\/wp-json\/wp\/v2\/pages\/1050","targetHints":{"allow":["GET"]}}],"collection":[{"href":"https:\/\/baterea.fr\/index.php\/wp-json\/wp\/v2\/pages"}],"about":[{"href":"https:\/\/baterea.fr\/index.php\/wp-json\/wp\/v2\/types\/page"}],"author":[{"embeddable":true,"href":"https:\/\/baterea.fr\/index.php\/wp-json\/wp\/v2\/users\/1"}],"replies":[{"embeddable":true,"href":"https:\/\/baterea.fr\/index.php\/wp-json\/wp\/v2\/comments?post=1050"}],"version-history":[{"count":16,"href":"https:\/\/baterea.fr\/index.php\/wp-json\/wp\/v2\/pages\/1050\/revisions"}],"predecessor-version":[{"id":1072,"href":"https:\/\/baterea.fr\/index.php\/wp-json\/wp\/v2\/pages\/1050\/revisions\/1072"}],"wp:attachment":[{"href":"https:\/\/baterea.fr\/index.php\/wp-json\/wp\/v2\/media?parent=1050"}],"curies":[{"name":"wp","href":"https:\/\/api.w.org\/{rel}","templated":true}]}}