{"id":10,"date":"2026-02-02T15:35:58","date_gmt":"2026-02-02T15:35:58","guid":{"rendered":"http:\/\/baterea.fr\/?page_id=10"},"modified":"2026-03-16T10:06:03","modified_gmt":"2026-03-16T10:06:03","slug":"accueil","status":"publish","type":"page","link":"https:\/\/baterea.fr\/","title":{"rendered":"Accueil"},"content":{"rendered":"\t\t<div data-elementor-type=\"wp-page\" data-elementor-id=\"10\" class=\"elementor elementor-10\">\n\t\t\t\t<div class=\"elementor-element elementor-element-338d855 e-con-full e-flex e-con e-parent\" data-id=\"338d855\" data-element_type=\"container\" data-e-type=\"container\" data-settings=\"{&quot;background_background&quot;:&quot;classic&quot;}\">\n\t\t\t\t<div class=\"elementor-element elementor-element-8b82fb5 elementor-widget elementor-widget-heading\" data-id=\"8b82fb5\" data-element_type=\"widget\" data-e-type=\"widget\" data-widget_type=\"heading.default\">\n\t\t\t\t\t<h1 class=\"elementor-heading-title elementor-size-default\">BATEREA<\/h1>\t\t\t\t<\/div>\n\t\t\t\t<div class=\"elementor-element elementor-element-ffe69a8 elementor-widget elementor-widget-text-editor\" data-id=\"ffe69a8\" data-element_type=\"widget\" data-e-type=\"widget\" data-widget_type=\"text-editor.default\">\n\t\t\t\t\t\t\t\t\t<h1>CONSTRUCTION<\/h1>\t\t\t\t\t\t\t\t<\/div>\n\t\t\t\t<div class=\"elementor-element elementor-element-4325810 animated-slow elementor-invisible elementor-widget elementor-widget-text-editor\" data-id=\"4325810\" data-element_type=\"widget\" data-e-type=\"widget\" data-settings=\"{&quot;_animation&quot;:&quot;fadeIn&quot;}\" data-widget_type=\"text-editor.default\">\n\t\t\t\t\t\t\t\t\t<h3>Construire autrement, ensemble.<\/h3>\t\t\t\t\t\t\t\t<\/div>\n\t\t\t\t<div class=\"elementor-element elementor-element-597e782 elementor-widget elementor-widget-video\" data-id=\"597e782\" data-element_type=\"widget\" data-e-type=\"widget\" data-settings=\"{&quot;video_type&quot;:&quot;hosted&quot;,&quot;autoplay&quot;:&quot;yes&quot;,&quot;loop&quot;:&quot;yes&quot;,&quot;mute&quot;:&quot;yes&quot;}\" data-widget_type=\"video.default\">\n\t\t\t\t\t\t\t<div class=\"e-hosted-video elementor-wrapper elementor-open-inline\">\n\t\t\t\t\t<video class=\"elementor-video\" src=\"https:\/\/baterea.fr\/wp-content\/uploads\/2026\/02\/Design-sans-titre.mp4\" autoplay=\"\" loop=\"\" muted=\"muted\" controlsList=\"nodownload\"><\/video>\n\t\t\t\t<\/div>\n\t\t\t\t\t\t<\/div>\n\t\t\t\t<\/div>\n\t\t<div class=\"elementor-element elementor-element-a0ced43 e-flex e-con-boxed e-con e-parent\" data-id=\"a0ced43\" data-element_type=\"container\" data-e-type=\"container\">\n\t\t\t\t\t<div class=\"e-con-inner\">\n\t\t\t\t<div class=\"elementor-element elementor-element-5643bbd elementor-widget elementor-widget-heading\" data-id=\"5643bbd\" data-element_type=\"widget\" data-e-type=\"widget\" data-widget_type=\"heading.default\">\n\t\t\t\t\t<h4 class=\"elementor-heading-title elementor-size-default\">Un projet de construction ?<\/h4>\t\t\t\t<\/div>\n\t\t\t\t<div class=\"elementor-element elementor-element-4a6f57c elementor-widget elementor-widget-text-editor\" data-id=\"4a6f57c\" data-element_type=\"widget\" data-e-type=\"widget\" data-widget_type=\"text-editor.default\">\n\t\t\t\t\t\t\t\t\t<p><strong>BATEREA<\/strong> est une entreprise de construction, sp\u00e9cialis\u00e9e dans les projets atypiques, sur mesure et porteurs de sens. D\u00e9couvrez cette entreprise de gros \u0153uvre bas\u00e9e en Gironde, qui vous accompagne dans les projets de constructions neuves ou de travaux de r\u00e9novation.<\/p><p><strong>Notre force<\/strong> : un accompagnement humain, agile et engag\u00e9 en passant par le conseil, l\u2019\u00e9coute, et la ma\u00eetrise compl\u00e8te des op\u00e9rations.<\/p>\t\t\t\t\t\t\t\t<\/div>\n\t\t\t\t\t<\/div>\n\t\t\t\t<\/div>\n\t\t<div class=\"elementor-element elementor-element-dea3591 e-flex e-con-boxed e-con e-parent\" data-id=\"dea3591\" data-element_type=\"container\" data-e-type=\"container\">\n\t\t\t\t\t<div class=\"e-con-inner\">\n\t\t\t\t<div class=\"elementor-element elementor-element-3a2a2af elementor-widget elementor-widget-heading\" data-id=\"3a2a2af\" data-element_type=\"widget\" data-e-type=\"widget\" data-widget_type=\"heading.default\">\n\t\t\t\t\t<h2 class=\"elementor-heading-title elementor-size-default\">Nos r\u00e9alisations<\/h2>\t\t\t\t<\/div>\n\t\t\t\t\t<\/div>\n\t\t\t\t<\/div>\n\t\t<div class=\"elementor-element elementor-element-38eb8a4 e-flex e-con-boxed e-con e-parent\" data-id=\"38eb8a4\" data-element_type=\"container\" data-e-type=\"container\">\n\t\t\t\t\t<div class=\"e-con-inner\">\n\t\t<div class=\"elementor-element elementor-element-da47b06 e-con-full e-flex e-con e-child\" data-id=\"da47b06\" data-element_type=\"container\" data-e-type=\"container\">\n\t\t\t\t<div class=\"elementor-element elementor-element-664487b elementor-widget elementor-widget-image\" data-id=\"664487b\" data-element_type=\"widget\" data-e-type=\"widget\" data-widget_type=\"image.default\">\n\t\t\t\t\t\t\t\t\t\t\t\t<figure class=\"wp-caption\">\n\t\t\t\t\t\t\t\t\t\t<img loading=\"lazy\" decoding=\"async\" width=\"1080\" height=\"1080\" src=\"https:\/\/baterea.fr\/wp-content\/uploads\/2026\/02\/5.jpg\" class=\"elementor-animation-grow attachment-1536x1536 size-1536x1536 wp-image-81\" alt=\"\" srcset=\"https:\/\/baterea.fr\/wp-content\/uploads\/2026\/02\/5.jpg 1080w, https:\/\/baterea.fr\/wp-content\/uploads\/2026\/02\/5-300x300.jpg 300w, https:\/\/baterea.fr\/wp-content\/uploads\/2026\/02\/5-1024x1024.jpg 1024w, https:\/\/baterea.fr\/wp-content\/uploads\/2026\/02\/5-150x150.jpg 150w, https:\/\/baterea.fr\/wp-content\/uploads\/2026\/02\/5-768x768.jpg 768w\" sizes=\"auto, (max-width: 1080px) 100vw, 1080px\" \/>\t\t\t\t\t\t\t\t\t\t\t<figcaption class=\"widget-image-caption wp-caption-text\"><\/figcaption>\n\t\t\t\t\t\t\t\t\t\t<\/figure>\n\t\t\t\t\t\t\t\t\t<\/div>\n\t\t\t\t<\/div>\n\t\t<div class=\"elementor-element elementor-element-1d3586e e-con-full e-flex e-con e-child\" data-id=\"1d3586e\" data-element_type=\"container\" data-e-type=\"container\">\n\t\t\t\t<div class=\"elementor-element elementor-element-1145222 elementor-widget elementor-widget-image\" data-id=\"1145222\" data-element_type=\"widget\" data-e-type=\"widget\" data-widget_type=\"image.default\">\n\t\t\t\t\t\t\t\t\t\t\t\t\t\t\t<img loading=\"lazy\" decoding=\"async\" width=\"1080\" height=\"1080\" src=\"https:\/\/baterea.fr\/wp-content\/uploads\/2026\/02\/3.jpg\" class=\"elementor-animation-grow attachment-1536x1536 size-1536x1536 wp-image-79\" alt=\"\" srcset=\"https:\/\/baterea.fr\/wp-content\/uploads\/2026\/02\/3.jpg 1080w, https:\/\/baterea.fr\/wp-content\/uploads\/2026\/02\/3-300x300.jpg 300w, https:\/\/baterea.fr\/wp-content\/uploads\/2026\/02\/3-1024x1024.jpg 1024w, https:\/\/baterea.fr\/wp-content\/uploads\/2026\/02\/3-150x150.jpg 150w, https:\/\/baterea.fr\/wp-content\/uploads\/2026\/02\/3-768x768.jpg 768w\" sizes=\"auto, (max-width: 1080px) 100vw, 1080px\" \/>\t\t\t\t\t\t\t\t\t\t\t\t\t\t\t<\/div>\n\t\t\t\t<\/div>\n\t\t<div class=\"elementor-element elementor-element-76ad4d2 e-con-full e-flex e-con e-child\" data-id=\"76ad4d2\" data-element_type=\"container\" data-e-type=\"container\">\n\t\t\t\t<div class=\"elementor-element elementor-element-44844c3 elementor-widget elementor-widget-image\" data-id=\"44844c3\" data-element_type=\"widget\" data-e-type=\"widget\" data-widget_type=\"image.default\">\n\t\t\t\t\t\t\t\t\t\t\t\t\t\t\t<img loading=\"lazy\" decoding=\"async\" width=\"1080\" height=\"1080\" src=\"https:\/\/baterea.fr\/wp-content\/uploads\/2026\/02\/2.jpg\" class=\"elementor-animation-grow attachment-1536x1536 size-1536x1536 wp-image-78\" alt=\"\" srcset=\"https:\/\/baterea.fr\/wp-content\/uploads\/2026\/02\/2.jpg 1080w, https:\/\/baterea.fr\/wp-content\/uploads\/2026\/02\/2-300x300.jpg 300w, https:\/\/baterea.fr\/wp-content\/uploads\/2026\/02\/2-1024x1024.jpg 1024w, https:\/\/baterea.fr\/wp-content\/uploads\/2026\/02\/2-150x150.jpg 150w, https:\/\/baterea.fr\/wp-content\/uploads\/2026\/02\/2-768x768.jpg 768w\" sizes=\"auto, (max-width: 1080px) 100vw, 1080px\" \/>\t\t\t\t\t\t\t\t\t\t\t\t\t\t\t<\/div>\n\t\t\t\t<\/div>\n\t\t<div class=\"elementor-element elementor-element-6d85b77 e-con-full e-flex e-con e-child\" data-id=\"6d85b77\" data-element_type=\"container\" data-e-type=\"container\">\n\t\t\t\t<div class=\"elementor-element elementor-element-62f30c0 elementor-widget elementor-widget-image\" data-id=\"62f30c0\" data-element_type=\"widget\" data-e-type=\"widget\" data-widget_type=\"image.default\">\n\t\t\t\t\t\t\t\t\t\t\t\t\t\t\t<img loading=\"lazy\" decoding=\"async\" width=\"800\" height=\"800\" src=\"https:\/\/baterea.fr\/wp-content\/uploads\/2026\/02\/4-1024x1024.jpg\" class=\"elementor-animation-grow attachment-large size-large wp-image-80\" alt=\"\" srcset=\"https:\/\/baterea.fr\/wp-content\/uploads\/2026\/02\/4-1024x1024.jpg 1024w, https:\/\/baterea.fr\/wp-content\/uploads\/2026\/02\/4-300x300.jpg 300w, https:\/\/baterea.fr\/wp-content\/uploads\/2026\/02\/4-150x150.jpg 150w, https:\/\/baterea.fr\/wp-content\/uploads\/2026\/02\/4-768x768.jpg 768w, https:\/\/baterea.fr\/wp-content\/uploads\/2026\/02\/4.jpg 1080w\" sizes=\"auto, (max-width: 800px) 100vw, 800px\" \/>\t\t\t\t\t\t\t\t\t\t\t\t\t\t\t<\/div>\n\t\t\t\t<\/div>\n\t\t<div class=\"elementor-element elementor-element-463f489 e-con-full e-flex e-con e-child\" data-id=\"463f489\" data-element_type=\"container\" data-e-type=\"container\">\n\t\t\t\t<div class=\"elementor-element elementor-element-7cac057 elementor-widget elementor-widget-image\" data-id=\"7cac057\" data-element_type=\"widget\" data-e-type=\"widget\" data-widget_type=\"image.default\">\n\t\t\t\t\t\t\t\t\t\t\t\t\t\t\t<img loading=\"lazy\" decoding=\"async\" width=\"800\" height=\"800\" src=\"https:\/\/baterea.fr\/wp-content\/uploads\/2026\/02\/1-1024x1024.jpg\" class=\"elementor-animation-grow attachment-large size-large wp-image-77\" alt=\"\" srcset=\"https:\/\/baterea.fr\/wp-content\/uploads\/2026\/02\/1-1024x1024.jpg 1024w, https:\/\/baterea.fr\/wp-content\/uploads\/2026\/02\/1-300x300.jpg 300w, https:\/\/baterea.fr\/wp-content\/uploads\/2026\/02\/1-150x150.jpg 150w, https:\/\/baterea.fr\/wp-content\/uploads\/2026\/02\/1-768x768.jpg 768w, https:\/\/baterea.fr\/wp-content\/uploads\/2026\/02\/1.jpg 1080w\" sizes=\"auto, (max-width: 800px) 100vw, 800px\" \/>\t\t\t\t\t\t\t\t\t\t\t\t\t\t\t<\/div>\n\t\t\t\t<\/div>\n\t\t<div class=\"elementor-element elementor-element-0e161b5 e-con-full e-flex e-con e-child\" data-id=\"0e161b5\" data-element_type=\"container\" data-e-type=\"container\">\n\t\t\t\t<div class=\"elementor-element elementor-element-1a95713 elementor-widget elementor-widget-image\" data-id=\"1a95713\" data-element_type=\"widget\" data-e-type=\"widget\" data-widget_type=\"image.default\">\n\t\t\t\t\t\t\t\t\t\t\t\t\t\t\t<img loading=\"lazy\" decoding=\"async\" width=\"800\" height=\"800\" src=\"https:\/\/baterea.fr\/wp-content\/uploads\/2026\/02\/Recadrage-photo-site-2-1024x1024.jpg\" class=\"elementor-animation-grow attachment-large size-large wp-image-380\" alt=\"\" srcset=\"https:\/\/baterea.fr\/wp-content\/uploads\/2026\/02\/Recadrage-photo-site-2-1024x1024.jpg 1024w, https:\/\/baterea.fr\/wp-content\/uploads\/2026\/02\/Recadrage-photo-site-2-300x300.jpg 300w, https:\/\/baterea.fr\/wp-content\/uploads\/2026\/02\/Recadrage-photo-site-2-150x150.jpg 150w, https:\/\/baterea.fr\/wp-content\/uploads\/2026\/02\/Recadrage-photo-site-2-768x768.jpg 768w, https:\/\/baterea.fr\/wp-content\/uploads\/2026\/02\/Recadrage-photo-site-2.jpg 1080w\" sizes=\"auto, (max-width: 800px) 100vw, 800px\" \/>\t\t\t\t\t\t\t\t\t\t\t\t\t\t\t<\/div>\n\t\t\t\t<\/div>\n\t\t\t\t\t<\/div>\n\t\t\t\t<\/div>\n\t\t<div class=\"elementor-element elementor-element-e1f8177 e-grid e-con-boxed e-con e-parent\" data-id=\"e1f8177\" data-element_type=\"container\" data-e-type=\"container\">\n\t\t\t\t\t<div class=\"e-con-inner\">\n\t\t\t\t<div class=\"elementor-element elementor-element-6a33422 elementor-align-center elementor-widget elementor-widget-button\" data-id=\"6a33422\" data-element_type=\"widget\" data-e-type=\"widget\" data-widget_type=\"button.default\">\n\t\t\t\t\t\t\t\t\t\t<a class=\"elementor-button elementor-button-link elementor-size-sm\" href=\"https:\/\/baterea.fr\/index.php\/nos-realisations\/\">\n\t\t\t\t\t\t<span class=\"elementor-button-content-wrapper\">\n\t\t\t\t\t\t\t\t\t<span class=\"elementor-button-text\">Voir toutes nos r\u00e9alisations<\/span>\n\t\t\t\t\t<\/span>\n\t\t\t\t\t<\/a>\n\t\t\t\t\t\t\t\t<\/div>\n\t\t\t\t\t<\/div>\n\t\t\t\t<\/div>\n\t\t<div class=\"elementor-element elementor-element-3c7f5e7 e-flex e-con-boxed e-con e-parent\" data-id=\"3c7f5e7\" data-element_type=\"container\" data-e-type=\"container\">\n\t\t\t\t\t<div class=\"e-con-inner\">\n\t\t<div class=\"elementor-element elementor-element-155969b e-con-full e-flex e-con e-child\" data-id=\"155969b\" data-element_type=\"container\" data-e-type=\"container\">\n\t\t\t\t<div class=\"elementor-element elementor-element-4ee4a11 elementor-widget elementor-widget-text-editor\" data-id=\"4ee4a11\" data-element_type=\"widget\" data-e-type=\"widget\" data-widget_type=\"text-editor.default\">\n\t\t\t\t\t\t\t\t\t<p>Vous souhaitez nous parler d&rsquo;un projet ?\u00a0<\/p>\t\t\t\t\t\t\t\t<\/div>\n\t\t\t\t<\/div>\n\t\t<div class=\"elementor-element elementor-element-e1568a6 e-con-full e-flex e-con e-child\" data-id=\"e1568a6\" data-element_type=\"container\" data-e-type=\"container\">\n\t\t\t\t<div class=\"elementor-element elementor-element-06b739f elementor-widget elementor-widget-text-editor\" data-id=\"06b739f\" data-element_type=\"widget\" data-e-type=\"widget\" data-widget_type=\"text-editor.default\">\n\t\t\t\t\t\t\t\t\t<p>Utilisez notre formulaire de contact et nous r\u00e9pondrons au plus vite.<\/p>\t\t\t\t\t\t\t\t<\/div>\n\t\t\t\t<\/div>\n\t\t<div class=\"elementor-element elementor-element-ed3bbe8 e-con-full e-flex e-con e-child\" data-id=\"ed3bbe8\" data-element_type=\"container\" data-e-type=\"container\">\n\t\t\t\t<div class=\"elementor-element elementor-element-35f3371 elementor-widget elementor-widget-button\" data-id=\"35f3371\" data-element_type=\"widget\" data-e-type=\"widget\" data-widget_type=\"button.default\">\n\t\t\t\t\t\t\t\t\t\t<a class=\"elementor-button elementor-button-link elementor-size-sm\" href=\"https:\/\/baterea.fr\/index.php\/contact\/\">\n\t\t\t\t\t\t<span class=\"elementor-button-content-wrapper\">\n\t\t\t\t\t\t\t\t\t<span class=\"elementor-button-text\">Nous contacter<\/span>\n\t\t\t\t\t<\/span>\n\t\t\t\t\t<\/a>\n\t\t\t\t\t\t\t\t<\/div>\n\t\t\t\t<\/div>\n\t\t\t\t\t<\/div>\n\t\t\t\t<\/div>\n\t\t\t\t<\/div>\n\t\t","protected":false},"excerpt":{"rendered":"<p>BATEREA CONSTRUCTION Construire autrement, ensemble. https:\/\/baterea.fr\/wp-content\/uploads\/2026\/02\/Design-sans-titre.mp4 Un projet de construction ? BATEREA est une entreprise de construction, sp\u00e9cialis\u00e9e dans les projets atypiques, sur mesure et porteurs de sens. D\u00e9couvrez cette entreprise de gros \u0153uvre bas\u00e9e en Gironde, qui vous accompagne dans les projets de constructions neuves ou de travaux de r\u00e9novation. Notre force : un [&hellip;]<\/p>\n","protected":false},"author":1,"featured_media":0,"parent":0,"menu_order":0,"comment_status":"closed","ping_status":"closed","template":"elementor_canvas","meta":{"footnotes":""},"class_list":["post-10","page","type-page","status-publish","hentry"],"_links":{"self":[{"href":"https:\/\/baterea.fr\/index.php\/wp-json\/wp\/v2\/pages\/10","targetHints":{"allow":["GET"]}}],"collection":[{"href":"https:\/\/baterea.fr\/index.php\/wp-json\/wp\/v2\/pages"}],"about":[{"href":"https:\/\/baterea.fr\/index.php\/wp-json\/wp\/v2\/types\/page"}],"author":[{"embeddable":true,"href":"https:\/\/baterea.fr\/index.php\/wp-json\/wp\/v2\/users\/1"}],"replies":[{"embeddable":true,"href":"https:\/\/baterea.fr\/index.php\/wp-json\/wp\/v2\/comments?post=10"}],"version-history":[{"count":145,"href":"https:\/\/baterea.fr\/index.php\/wp-json\/wp\/v2\/pages\/10\/revisions"}],"predecessor-version":[{"id":1182,"href":"https:\/\/baterea.fr\/index.php\/wp-json\/wp\/v2\/pages\/10\/revisions\/1182"}],"wp:attachment":[{"href":"https:\/\/baterea.fr\/index.php\/wp-json\/wp\/v2\/media?parent=10"}],"curies":[{"name":"wp","href":"https:\/\/api.w.org\/{rel}","templated":true}]}}